{"id":143,"date":"2019-02-04T13:30:51","date_gmt":"2019-02-04T12:30:51","guid":{"rendered":"https:\/\/uebersicht.b-nk.at\/nowaste\/?page_id=143"},"modified":"2019-02-04T13:41:39","modified_gmt":"2019-02-04T12:41:39","slug":"ueber-das-projekt","status":"publish","type":"page","link":"https:\/\/nowaste.at\/","title":{"rendered":"\u00dcber das Projekt"},"content":{"rendered":"\n<p>Sch\u00fclerinnen und Sch\u00fcler land- und forstwirtschaftlicher Schulen kommen in ihrem zuk\u00fcnftigen Berufsumfeld mit unterschiedlichen Stoffkreisl\u00e4ufen und Produkten in Ber\u00fchrung, bei welchen Abf\u00e4lle anfallen. Um Abfallvermeidung in der Praxis praktizieren zu k\u00f6nnen, ist es besonders wichtig, schon den Auszubildenden von land- und forstwirtschaftlichen Schulen Umweltthemen, Abfallproblematiken und deren Ursachen sowie Auswirkungen zu vermitteln.<\/p>\n\n\n\n<p>Um diese L\u00fccke zu f\u00fcllen und die Lehrkr\u00e4fte der land- und forstwirtschaftlichen Lehranstalten in der Erarbeitung und Vertiefung des Themas \u201eAbfallvermeidung\u201c zu unterst\u00fctzen, wurden im Rahmen des Projektes&nbsp;<strong>\u201eNoWaste@AgrarianSchool\u201c&nbsp;<\/strong>Unterrichtsmaterialien entwickelt. Diese sind speziell an den o.a. Schultyp angepasst und erm\u00f6glichen die selbstst\u00e4ndige Durchf\u00fchrung der Unterrichtsstunden mit minimalem Aufwand und ohne zus\u00e4tzliche Vorbereitungsstunden (das hei\u00dft, es sind keine Recherche, kein Zusammenstellen von Arbeitsbl\u00e4ttern, keine didaktischen Zusatz\u00fcberlegungen oder Aufw\u00e4nde bez\u00fcglich der Ablaufplanung notwendig). So bereiten die Unterrichtsmaterialien das Thema Abfallvermeidung vor dem Hintergrund der Land- und Forstwirtschaft auf und stellen dem Lehrpersonal konkrete, didaktisch vielf\u00e4ltige Stundenbilder inklusive Hintergrundinformationen, Fakten, Arbeitsbl\u00e4tter und Zusatzinformationen zur Verf\u00fcgung. Das Ziel der Unterrichtsmaterialien ist es, auf die Abfallproblematik aufmerksam zu machen, gemeinsam Strategien zu durchdenken und praxisnahe Ma\u00dfnahmen in Bezug auf die Abfallvermeidung f\u00fcr den zuk\u00fcnftigen Beruf bzw. die T\u00e4tigkeitsfelder aufzeigen. Um die Eignung und Qualit\u00e4t der Unterrichtsmaterialien zu gew\u00e4hrleisten, wurden diese im Zuge eines partizipatorischen Prozesses in drei Pilotschulen getestet.<\/p>\n\n\n\n<p><strong>F\u00f6rdergeber<\/strong><\/p>\n\n\n\n<p>Das Projekt wurde gef\u00f6rdert von der <a rel=\"noreferrer noopener\" aria-label=\"VKS Verpackungskoordinierungsstelle gemeinn\u00fctzige Gesellschaft mbH (\u00f6ffnet in neuem Tab)\" href=\"http:\/\/www.vks-gmbh.at\/kontakt.html\" target=\"_blank\">VKS Verpackungskoordinierungsstelle gemeinn\u00fctzige Gesellschaft mbH<\/a>. <br><\/p>\n\n\n\n<figure class=\"wp-block-image\"><img decoding=\"async\" src=\"http:\/\/www.vks-gmbh.at\/resources\/images\/logo.png\" alt=\"\"\/><\/figure>\n\n\n\n<p>Mitfinanziert durch die Abfallvermeidungs-F\u00f6rderung der  Sammel- &amp; Verwertungssysteme f\u00fcr Verpackungen.<\/p>\n\n\n\n<figure class=\"wp-block-image is-resized\"><img loading=\"lazy\" decoding=\"async\" src=\"https:\/\/uebersicht.b-nk.at\/wp-content\/uploads\/sites\/4\/2019\/02\/grafik-1.png\" alt=\"\" class=\"wp-image-147\" width=\"318\" height=\"148\" srcset=\"https:\/\/nowaste.at\/wp-content\/uploads\/sites\/4\/2019\/02\/grafik-1.png 510w, https:\/\/nowaste.at\/wp-content\/uploads\/sites\/4\/2019\/02\/grafik-1-300x139.png 300w\" sizes=\"auto, (max-width: 318px) 100vw, 318px\" \/><\/figure>\n\n\n\n<p><strong>Projektteam<\/strong><br><\/p>\n\n\n\n<p><a href=\"http:\/\/www.b-nk.at\/\" target=\"_blank\" rel=\"noreferrer noopener\" aria-label=\"B\u00fcro f\u00fcr nachhaltige Kompetenz B-NK GmbH (\u00f6ffnet in neuem Tab)\">B\u00fcro f\u00fcr nachhaltige Kompetenz B-NK GmbH<\/a><\/p>\n\n\n\n<p><a href=\"http:\/\/www.umweltfragen.at\/\" target=\"_blank\" rel=\"noreferrer noopener\" aria-label=\"B\u00fcro f\u00fcr Umweltfragen (\u00f6ffnet in neuem Tab)\">B\u00fcro f\u00fcr Umweltfragen<\/a><\/p>\n\n\n\n<p><a href=\"https:\/\/www.fairanstaltung.at\/\" target=\"_blank\" rel=\"noreferrer noopener\" aria-label=\" Fairanstaltung \u2013 die nachhaltige Eventagentur \n (\u00f6ffnet in neuem Tab)\"> Fairanstaltung \u2013 die nachhaltige Eventagentur <br><\/a><\/p>\n\n\n\n<p>Weitere Informationen \u00fcber das Projektteam finden Sie unter dem Men\u00fcpunkt &#8222;Projektteam&#8220; in der Fu\u00dfzeile der Webseite. <\/p>\n","protected":false},"excerpt":{"rendered":"<p>Sch\u00fclerinnen und Sch\u00fcler land- und forstwirtschaftlicher Schulen kommen in ihrem zuk\u00fcnftigen Berufsumfeld mit unterschiedlichen Stoffkreisl\u00e4ufen und Produkten in Ber\u00fchrung, bei welchen Abf\u00e4lle anfallen. Um Abfallvermeidung in der Praxis praktizieren zu k\u00f6nnen, ist es besonders&#46;&#46;&#46;<\/p>\n","protected":false},"author":3,"featured_media":0,"parent":0,"menu_order":0,"comment_status":"closed","ping_status":"closed","template":"","meta":{"footnotes":""},"class_list":["post-143","page","type-page","status-publish","hentry"],"_links":{"self":[{"href":"https:\/\/nowaste.at\/index.php?rest_route=\/wp\/v2\/pages\/143","targetHints":{"allow":["GET"]}}],"collection":[{"href":"https:\/\/nowaste.at\/index.php?rest_route=\/wp\/v2\/pages"}],"about":[{"href":"https:\/\/nowaste.at\/index.php?rest_route=\/wp\/v2\/types\/page"}],"author":[{"embeddable":true,"href":"https:\/\/nowaste.at\/index.php?rest_route=\/wp\/v2\/users\/3"}],"replies":[{"embeddable":true,"href":"https:\/\/nowaste.at\/index.php?rest_route=%2Fwp%2Fv2%2Fcomments&post=143"}],"version-history":[{"count":3,"href":"https:\/\/nowaste.at\/index.php?rest_route=\/wp\/v2\/pages\/143\/revisions"}],"predecessor-version":[{"id":150,"href":"https:\/\/nowaste.at\/index.php?rest_route=\/wp\/v2\/pages\/143\/revisions\/150"}],"wp:attachment":[{"href":"https:\/\/nowaste.at\/index.php?rest_route=%2Fwp%2Fv2%2Fmedia&parent=143"}],"curies":[{"name":"wp","href":"https:\/\/api.w.org\/{rel}","templated":true}]}}