{"id":84,"date":"2019-02-04T12:40:21","date_gmt":"2019-02-04T11:40:21","guid":{"rendered":"https:\/\/uebersicht.b-nk.at\/nowaste\/?page_id=84"},"modified":"2025-07-17T10:58:07","modified_gmt":"2025-07-17T08:58:07","slug":"datenschutzerklaerung","status":"publish","type":"page","link":"https:\/\/nowaste.at\/?page_id=84","title":{"rendered":"Datenschutzerkl\u00e4rung"},"content":{"rendered":"\n<h3 class=\"wp-block-heading\"><\/h3>\n\n\n\n<p>Wir freuen uns \u00fcber Ihren Besuch auf unserer Webseite. Der Schutz Ihrer personenbezogenen Daten ist uns ein wichtiges Anliegen.<\/p>\n\n\n\n<p>Wir halten uns an die gesetzlichen Bestimmungen der EU-Datenschutz-Grundverordnung, des \u00f6sterreichischen Datenschutzgesetzes und der sonstigen anwendbaren Rechtsvorschriften zum Schutz, dem rechtm\u00e4\u00dfigen Umgang und zur Geheimhaltung von personenbezogenen Daten. Wir verarbeiten Ihre Daten daher ausschlie\u00dflich auf Grundlage der geltenden gesetzlichen Bestimmungen.<\/p>\n\n\n\n<p>Diese Datenschutzerkl\u00e4rung bezieht sich auf alle von uns im Unternehmen verarbeiteten personenbezogenen Daten sowie auf alle Daten, die von uns beauftragte Firmen (Auftragsverarbeiter) verarbeiten. Personenbezogene Daten umfassen gem\u00e4\u00df Art. 4 Nr. 1 DSGVO Informationen wie Name, E-Mail-Adresse oder die postalische Anschrift einer Person. Die Verarbeitung dieser Daten erm\u00f6glicht es uns, unsere Dienstleistungen und Produkte sowohl online als auch offline bereitzustellen und abzurechnen.<\/p>\n\n\n\n<p>Der Geltungsbereich dieser Datenschutzerkl\u00e4rung umfasst:<\/p>\n\n\n\n<ul class=\"wp-block-list\">\n<li>alle von uns betriebenen Onlineauftritte (Webseiten)<\/li>\n\n\n\n<li>unsere Social-Media-Auftritte sowie die E-Mail-Kommunikation<\/li>\n<\/ul>\n\n\n\n<p>Die Datenschutzerkl\u00e4rung gilt f\u00fcr alle Bereiche, in denen personenbezogene Daten innerhalb unseres Unternehmens \u00fcber die genannten Kan\u00e4le systematisch verarbeitet werden. Sollten wir au\u00dferhalb dieser Kan\u00e4le mit Ihnen in Rechtsbeziehungen treten, werden wir Sie gegebenenfalls gesondert \u00fcber die Datenverarbeitung informieren.<\/p>\n\n\n\n<h3 class=\"wp-block-heading\" id=\"verantwortliche\">Name und Kontaktdaten der Verantwortlichen<\/h3>\n\n\n\n<p>Verantwortlich f\u00fcr die Verarbeitung Ihrer personenbezogenen Daten auf dieser Webseite ist:<\/p>\n\n\n\n<p>B-NK GmbH<br>Adresse: Diepoldplatz 6\/18, A-1170 Wien<br>E-Mail: <a href=\"mailto:office@b-nk.at\" target=\"_blank\" rel=\"noreferrer noopener\">office@b-nk.at<\/a><br>Telefon: +43 1 9908996<br>Impressum:&nbsp;<a href=\"https:\/\/www.b-nk.at\/impressum\" target=\"_blank\" rel=\"noreferrer noopener\">https:\/\/www.b-nk.at\/impressum<\/a><\/p>\n\n\n\n<h3 class=\"wp-block-heading\" id=\"datenschutzbeauftragte\">Kontaktdaten der Datenschutzbeauftragten<\/h3>\n\n\n\n<p>Das Unternehmen hat eine Datenschutzbeauftragte benannt:<\/p>\n\n\n\n<p>Dipl.-Ing.in Dr.in Bente Knoll<br>E-Mail: <a href=\"mailto:datenschutz@b-nk.at\" target=\"_blank\" rel=\"noreferrer noopener\">datenschutz@b-nk.at<\/a><br>Telefon: +43 1 9908996<\/p>\n\n\n\n<h3 class=\"wp-block-heading\" id=\"zwecke-der-datenverarbeitung\">Zwecke der Datenverarbeitung<\/h3>\n\n\n\n<p>Wir verarbeiten Ihre personenbezogenen Daten zu folgenden Zwecken:<\/p>\n\n\n\n<ul class=\"wp-block-list\">\n<li>Zur Bereitstellung unserer Webseite und der Funktionen (z.B. Kontaktformular, Newsletter-Anmeldung)<\/li>\n\n\n\n<li>Zur Bearbeitung Ihrer Anfragen, die Sie \u00fcber das Kontaktformular oder per E-Mail an uns richten<\/li>\n\n\n\n<li>Zur Abwicklung von Vertr\u00e4gen und der Erbringung unserer Dienstleistungen<\/li>\n\n\n\n<li>Zur Analyse der Nutzung unserer Webseite, um diese weiter zu verbessern<\/li>\n<\/ul>\n\n\n\n<h3 class=\"wp-block-heading\" id=\"rechte-dsgvo\">Rechtsgrundlage der Datenverarbeitung<\/h3>\n\n\n\n<p>Die Verarbeitung Ihrer personenbezogenen Daten erfolgt auf folgender Rechtsgrundlage der Datenschutz-Grundverordnung (DSGVO):<\/p>\n\n\n\n<ul class=\"wp-block-list\">\n<li>Verarbeitung auf Grundlage Ihrer Einwilligung \u2013 Art. 6 Abs. 1 lit. a DSGVO: Wenn Sie uns Ihre Zustimmung zur Verarbeitung personenbezogener Daten f\u00fcr einen klar definierten Zweck erteilen \u2013 etwa indem Sie Ihre Informationen in ein Kontaktformular eingeben \u2013 erfolgt diese Verarbeitung auf Basis von Art. 6 Abs. 1 lit. a DSGVO.<\/li>\n\n\n\n<li>Erforderlichkeit zur Vertragserf\u00fcllung oder vorvertraglichen Ma\u00dfnahmen \u2013 Art. 6 Abs. 1 lit. b DSGVO: Ihre Daten werden verarbeitet, sofern dies zur Erf\u00fcllung eines Vertrags oder zur Durchf\u00fchrung vorvertraglicher Schritte notwendig ist. Ein Beispiel hierf\u00fcr ist die Bereitstellung Ihrer personenbezogenen Angaben im Zuge eines Kaufabschlusses, um diesen ordnungsgem\u00e4\u00df abwickeln zu k\u00f6nnen.<\/li>\n\n\n\n<li>Gesetzliche Verpflichtung als Grundlage \u2013 Art. 6 Abs. 1 lit. c DSGVO: Sobald wir gesetzlich dazu verpflichtet sind, bestimmte Daten zu verarbeiten \u2013 etwa zur Aufbewahrungspflicht von Rechnungen f\u00fcr steuerliche oder buchhalterische Zwecke \u2013 geschieht dies gem\u00e4\u00df Art. 6 Abs. 1 lit. c DSGVO. Solche Dokumente beinhalten regelm\u00e4\u00dfig personenbezogene Informationen.<\/li>\n\n\n\n<li>Verarbeitung aufgrund berechtigter Interessen \u2013 Art. 6 Abs. 1 lit. f DSGVO: Sofern unsere legitimen Interessen nicht durch Ihre Grundrechte oder -freiheiten \u00fcberwiegt werden, d\u00fcrfen personenbezogene Daten auch ohne Einwilligung verarbeitet werden. Ein solches berechtigtes Interesse kann beispielsweise die Gew\u00e4hrleistung von Sicherheit und Funktionsf\u00e4higkeit unserer Website darstellen.<\/li>\n<\/ul>\n\n\n\n<h3 class=\"wp-block-heading\" id=\"speicherdauer\">Dauer der Speicherung<\/h3>\n\n\n\n<p>Wir speichern Ihre personenbezogenen Daten nur so lange, als dies technisch und organisatorisch zur Erreichung der dargelegten Zwecke sowie zur Erf\u00fcllung der uns treffenden gesetzlichen Verpflichtungen erforderlich ist. Bei der Festlegung der Zeitr\u00e4ume achten wir darauf, Ihre Rechte und Freiheiten nicht zu verletzen. Nach Wegfall des Verarbeitungszwecks oder Ablauf der gesetzlichen Aufbewahrungsfristen werden die Daten gel\u00f6scht.<\/p>\n\n\n\n<h3 class=\"wp-block-heading\" id=\"server-protokolle\">Server Protokolle<\/h3>\n\n\n\n<p>Bei Ihrem Besuch auf unserer Webseite erheben und speichern wir Zugriffsdaten in Protokolldateien (sogenannten Logfiles bzw. Access-Logs), um die dauerhafte Funktionsf\u00e4higkeit und Erreichbarkeit der Webseite zu gew\u00e4hrleisten. Wir verarbeiten in diesem Zusammenhang folgende Daten bzw. Informationen:<\/p>\n\n\n\n<ul class=\"wp-block-list\">\n<li>IP-Adresse des zugreifenden Computers<\/li>\n\n\n\n<li>Datum und Uhrzeit des Zugriffs<\/li>\n\n\n\n<li>Webseiten, von denen Sie auf unsere Seite gelangen (Referrer-URL)<\/li>\n\n\n\n<li>Betriebssystem<\/li>\n\n\n\n<li>Name des Internet-Service-Providers<\/li>\n\n\n\n<li>Produkt und Versionsinformationen des genutzten Browsers<\/li>\n\n\n\n<li>\u00dcbertragene Datenmenge, Ladezeit<\/li>\n<\/ul>\n\n\n\n<p>Diese Daten dienen ausschlie\u00dflich der technischen \u00dcberwachung des Webservers (Auslastung, Optimierung, Fehlererkennung, Sicherheit) und sind dazu unbedingt notwendig. Sie werden nicht mit anderen Datenquellen verbunden, so dass sie sich nicht einzelnen Personen zuordnen lassen. Sie werden nach sechs Monaten gel\u00f6scht.<\/p>\n\n\n\n<h3 class=\"wp-block-heading\" id=\"datensicherheit\">Datensicherheit<\/h3>\n\n\n\n<p>Wir verwenden geeignete technische und organisatorische Ma\u00dfnahmen, um Ihre personenbezogenen Daten vor unbefugtem Zugriff, Verlust oder Missbrauch zu sch\u00fctzen. Ihre Daten werden in einer sicheren, dem Stand der Technik entsprechenden Betriebsumgebung gespeichert. Der Zugang zu unserer Webseite wird \u00fcber HTTPS gesichert. Die Kommunikation zwischen Ihrem Endger\u00e4t und unseren Servern erfolgt verschl\u00fcsselt. So wird verhindert, dass Dritte die von Ihnen eingegebenen Daten auf dem \u00dcbertragungsweg abfangen und lesen k\u00f6nnen. Sie erkennen die aktive Verschl\u00fcsselung an dem kleinen Schlosssymbol oder \u00e4hnlichen Symbolen in der Adresszeile Ihres Browsers sowie an der Verwendung des Schemas https (anstatt http) als Teil unserer Internetadresse. Weitere Ma\u00dfnahmen sind beispielsweise Firewalls und regelm\u00e4\u00dfige Sicherheitsupdates.<\/p>\n\n\n\n<h3 class=\"wp-block-heading\" id=\"ihre-rechte\">Ihre Rechte <\/h3>\n\n\n\n<p>Ihnen stehen grunds\u00e4tzlich die Rechte auf Auskunft, Berichtigung, L\u00f6schung, Einschr\u00e4nkung, Daten\u00fcbertragbarkeit, Widerruf und Widerspruch zu. Alle diese Rechte k\u00f6nnen Sie kosten- und formlos (per E-Mail, telefonisch oder postalisch), gegebenenfalls nach Nachweis Ihrer Identit\u00e4t, unter den angegebenen Kontaktdaten geltend machen. Alternativ zur Verwendung des Kontaktformulars ist eine Kontaktaufnahme \u00fcber die bereitgestellte E-Mail-Adresse, Anruf bzw. Postanschreiben m\u00f6glich. Sie haben folgende Rechte in Bezug auf Ihre personenbezogenen Daten:<\/p>\n\n\n\n<ul class=\"wp-block-list\">\n<li>Auskunftsrecht (Art. 15 DSGVO): Sie haben das Recht, eine Best\u00e4tigung dar\u00fcber zu erhalten, ob wir personenbezogene Daten \u00fcber Sie verarbeiten, und Zugang zu diesen Daten zu verlangen. Alle diese Rechte k\u00f6nnen Sie kosten- und formlos (per E-Mail, telefonisch oder postalisch), gegebenenfalls nach Nachweis Ihrer Identit\u00e4t, unter den angegebenen Kontaktdaten geltend machen.<\/li>\n\n\n\n<li>Recht auf Berichtigung (Art. 16 DSGVO): Sie k\u00f6nnen die Berichtigung unrichtiger oder die Vervollst\u00e4ndigung unvollst\u00e4ndiger Daten verlangen. Sie haben das Recht, jederzeit formlos die L\u00f6schung Ihrer von uns verarbeiteten Daten zu begehren. Diesem Ansuchen kommen wir nach, sofern Ihre Daten f\u00fcr den Erhebungszweck nicht mehr notwendig sind, Sie eine allenfalls bestehende Einwilligung widerrufen, bei unrechtm\u00e4\u00dfigen Datenverarbeitungen oder wenn die L\u00f6schung zur Erf\u00fcllung einer rechtlichen Verpflichtung erforderlich ist.<\/li>\n\n\n\n<li>Recht auf L\u00f6schung (Art. 17 DSGVO): Sie k\u00f6nnen unter bestimmten Umst\u00e4nden die L\u00f6schung Ihrer Daten verlangen (&#8222;Recht auf Vergessenwerden&#8220;). Sie haben das Recht, jederzeit formlos die L\u00f6schung Ihrer von uns verarbeiteten Daten zu begehren. Diesem Ansuchen kommen wir nach, sofern Ihre Daten f\u00fcr den Erhebungszweck nicht mehr notwendig sind, Sie eine allenfalls bestehende Einwilligung widerrufen, bei unrechtm\u00e4\u00dfigen Datenverarbeitungen oder wenn die L\u00f6schung zur Erf\u00fcllung einer rechtlichen Verpflichtung erforderlich ist.<\/li>\n\n\n\n<li>Recht auf Einschr\u00e4nkung der Verarbeitung (Art. 18 DSGVO): Sie haben das Recht, die Einschr\u00e4nkung der Verarbeitung zu verlangen, wenn bestimmte Voraussetzungen vorliegen. Wenn zwar die L\u00f6schung Ihrer Daten nicht m\u00f6glich ist bzw. dies von Ihnen nicht gew\u00fcnscht wird, Sie aber einer \u00fcber die Speicherung der Daten hinausgehenden Nutzung nicht zustimmen, haben wir die Pflicht, auf Ihren Antrag hin die weitere Verarbeitung Ihrer personenbezogenen Daten einzuschr\u00e4nken.<\/li>\n\n\n\n<li>Recht auf Daten\u00fcbertragbarkeit (Art. 20 DSGVO): Sie k\u00f6nnen verlangen, dass wir Ihre Daten in einem strukturierten, g\u00e4ngigen und maschinenlesbaren Format bereitstellen oder an einen Dritten \u00fcbertragen. Wir stellen Ihnen die von uns \u00fcber Sie gespeicherten Daten, die wir aufgrund eines Vertrages oder aufgrund Ihrer Einwilligung erhalten haben, auf Ihren formlosen Antrag hin kostenlos in einem gebr\u00e4uchlichen Dateiformat zur Verf\u00fcgung. Sie k\u00f6nnen diese Daten f\u00fcr eigene Zwecke verwenden und sie an zuk\u00fcnftige Vertragspartner weitergeben. Wir \u00fcbernehmen \u2013 sofern Sie dies w\u00fcnschen und es technisch machbar ist \u2013 auch direkt die \u00dcbertragung Ihrer Daten an einen von Ihnen namhaft gemachten Adressaten. In diesem Fall informieren wir Sie nach erfolgter \u00dcbertragung. Ihrem Antrag kommen wir unverz\u00fcglich, sp\u00e4testens jedoch innerhalb eines Monats nach.<\/li>\n\n\n\n<li>Widerspruchsrecht (Art. 21 DSGVO): Sie k\u00f6nnen der Verarbeitung Ihrer Daten widersprechen, wenn sich diese auf berechtigte Interessen st\u00fctzt. Die Rechtm\u00e4\u00dfigkeit der bis zu diesem Zeitpunkt get\u00e4tigten Datenverarbeitungen wird durch einen Widerruf der Einwilligung nicht ber\u00fchrt.<\/li>\n\n\n\n<li>Recht auf Widerruf der Einwilligung (Art. 7 Abs. 3 DSGVO): Sie k\u00f6nnen eine erteilte Einwilligung jederzeit mit Wirkung f\u00fcr die Zukunft widerrufen. Wenn wir Ihre Daten aufgrund unseres berechtigten Interesses verarbeiten, haben Sie nach der Datenschutz-Grundverordnung das Recht auf Widerspruch zur weiteren Verarbeitung Ihrer Daten. \u00dcben Sie dieses aus, werden wir Ihre Daten nicht mehr zu dem Zweck, dem Sie widersprochen haben, verarbeiten \u2013 es sei denn es bestehen schutzw\u00fcrdige Gr\u00fcnde auf unserer Seite f\u00fcr die weitere Verarbeitung, die Ihre Interessen, Rechte und Freiheiten \u00fcberwiegen, oder die Verarbeitung dient der Geltendmachung, Aus\u00fcbung oder Verteidigung von Rechtsanspr\u00fcchen.<\/li>\n<\/ul>\n\n\n\n<h4 class=\"wp-block-heading\">Beschwerderecht<\/h4>\n\n\n\n<p>Die EU-Datenschutz-Grundverordnung und das \u00f6sterreichische Datenschutzgesetz gew\u00e4hrleisten Ihnen die oben genannten Rechte im Bereich Datenschutz. Wenn Sie der Ansicht sind in einem dieser Rechte durch uns verletzt worden zu sein, haben Sie die M\u00f6glichkeit, sich bei einer Datenschutz-Aufsichtsbeh\u00f6rde zu beschweren.<\/p>\n\n\n\n<p>Die Aufsichtsbeh\u00f6rde in \u00d6sterreich ist die \u00d6sterreichische Datenschutzbeh\u00f6rde, Barichgasse 40-42, 1030 Wien, Telefon: +43 1 52152-0, E-Mail: <a href=\"mailto:dsb@dsb.gv.at\" target=\"_blank\" rel=\"noreferrer noopener\">dsb@dsb.gv.at<\/a><\/p>\n\n\n\n<h3 class=\"wp-block-heading\" id=\"cookies\">Cookies und Tracking-Technologien<\/h3>\n\n\n\n<p>Unsere Webseite verwendet Cookies, um die Nutzung der Webseite zu erleichtern und zu verbessern. Cookies sind kleine Textdateien, die mit Hilfe des Browsers auf Ihrem Endger\u00e4t gespeichert werden. Sie richten keinen Schaden an. Einige dieser Cookies sind notwendig, um die Webseite ordnungsgem\u00e4\u00df zu betreiben. Einige Cookies bleiben auf Ihrem Endger\u00e4t gespeichert, bis Sie diese l\u00f6schen. Sie erm\u00f6glichen es unserer Webseite, Ihren Browser beim n\u00e4chsten Besuch wiederzuerkennen.<\/p>\n\n\n\n<p>Mit Ihrer Einwilligung verwenden wir Analyse-Cookies, um die Nutzung unserer Webseite zu analysieren. Weitere Informationen zu diesen Diensten finden Sie in unseren Cookie-Richtlinien bzw. im Plugin \u201eReal Cookie Banner\u201c. Details zur Funktionsweise von \u201eReal Cookie Banner\u201c findet sich hier <a href=\"https:\/\/devowl.io\/de\/rcb\/datenverarbeitung\/\">https:\/\/devowl.io\/de\/rcb\/datenverarbeitung\/<\/a>.<\/p>\n\n\n\n<p>Sie k\u00f6nnen die Verwendung von Cookies \u00fcber die Einstellungen Ihres Browsers steuern und Ihren Browser so einrichten, dass er Sie \u00fcber das Setzen von Cookies informiert und Sie dies nur im Einzelfall erlauben. Sie k\u00f6nnen Cookies auch jederzeit l\u00f6schen. Bei der Deaktivierung von Cookies kann die Funktionalit\u00e4t unserer Webseite eingeschr\u00e4nkt sein.<\/p>\n\n\n\n<h3 class=\"wp-block-heading\" id=\"webanalyse\">Web-Analyse<\/h3>\n\n\n\n<p>Unsere Webseite verwendet Funktionen des Webanalysedienstes Matomo. Dieses Tool ist direkt auf unserem Server eingerichtet, es werden keine Daten an Dritte \u00fcbertragen. Es werden Cookies verwendet, die eine Analyse der Benutzung der Webseite erm\u00f6glicht.<\/p>\n\n\n\n<h3 class=\"wp-block-heading\" id=\"profiling\">Automatisierte Entscheidungsfindung\/Profiling<\/h3>\n\n\n\n<p>Eine automatisierte Entscheidungsfindung oder Profiling gem\u00e4\u00df Art. 22 DSGVO findet nicht statt.<\/p>\n\n\n\n<h3 class=\"wp-block-heading\" id=\"kommunikation\">Kommunikation mit uns<\/h3>\n\n\n\n<p>Wenn Sie uns anrufen, werden die Anrufdaten auf dem jeweiligen Endger\u00e4t und beim eingesetzten Telekommunikationsanbieter pseudonymisiert gespeichert. Au\u00dferdem k\u00f6nnen Daten wie Name und Telefonnummer im Anschluss per E-Mail versendet und zur Anfragebeantwortung gespeichert werden. Die Daten werden gel\u00f6scht, sobald der Gesch\u00e4ftsfall beendet wurde und es gesetzliche Vorgaben erlauben.<\/p>\n\n\n\n<p>Wenn Sie mit uns per E-Mail kommunizieren, werden Daten gegebenenfalls auf dem jeweiligen Endger\u00e4t (Computer, Smartphone, \u2026) gespeichert und es kommt zur Speicherung von Daten auf dem E-Mail-Server. Die Daten werden gel\u00f6scht, sobald der Gesch\u00e4ftsfall beendet wurde und es gesetzliche Vorgaben erlauben.<\/p>\n\n\n\n<p>Wenn Sie mit uns mittels Online-Formular kommunizieren, werden Daten auf unserem Webserver gespeichert und gegebenenfalls an eine E-Mail-Adresse von uns weitergeleitet. Die Daten werden gel\u00f6scht, sobald der Gesch\u00e4ftsfall beendet wurde und es gesetzliche Vorgaben erlauben.<\/p>\n\n\n\n<p>Wenn Sie sich auf unserer Webseite registrieren, kommt es zur Verarbeitung personenbezogener Daten, sofern Sie Daten mit Personenbezug eingeben bzw. Daten wie die IP-Adresse im Zuge der Verarbeitung erfasst werden. Bitte geben Sie nur solche Daten ein, die wir f\u00fcr die Registrierung ben\u00f6tigen und f\u00fcr die Sie die Freigabe eines Dritten haben, falls Sie die Registrierung im Namen eines Dritten durchf\u00fchren. Verwenden Sie nach M\u00f6glichkeit ein sicheres Passwort und eine E-Mail-Adresse, die Sie regelm\u00e4\u00dfig abrufen.<\/p>\n\n\n\n<h3 class=\"wp-block-heading\" id=\"weitergabe-an-dritte\">Weitergabe an Dritte<\/h3>\n\n\n\n<p>Wir geben Ihre personenbezogenen Daten nur dann an Dritte weiter, wenn dies f\u00fcr die Erf\u00fcllung des Vertrags oder aufgrund gesetzlicher Pflichten notwendig ist. M\u00f6gliche Empf\u00e4nger:innen sind:<\/p>\n\n\n\n<ul class=\"wp-block-list\">\n<li>Hosting-Provider: <a href=\"https:\/\/www.hetzner.com\/\" target=\"_blank\" rel=\"noreferrer noopener\">Hetzner<\/a>, der unsere Webseite hostet<\/li>\n<\/ul>\n\n\n\n<p>Wir k\u00f6nnen dar\u00fcber hinaus jedoch auch gesetzlich bzw. beh\u00f6rdlich verpflichtet sein, Daten an Dritte weiterzugeben (z.B. Datenweitergabe an Strafverfolgungsbeh\u00f6rden).<\/p>\n\n\n\n<p>Bei allen Datenweitergaben achten wir darauf, nur die absolut erforderlichen Informationen zu \u00fcbermitteln und erf\u00fcllen die datenschutzrechtlichen Vorgaben f\u00fcr die Datenweitergabe (z.B. strenge Weisungsbindung bei Auftragsverarbeitern, Verpflichtung zur Verschwiegenheit und Vertraulichkeit, Verpflichtung zur l\u00fcckenlosen Einhaltung eines ausreichenden Schutzniveaus in der Verarbeitung personenbezogener Daten).<\/p>\n\n\n\n<h3 class=\"wp-block-heading\">\u00c4nderungen der Datenschutzerkl\u00e4rung<\/h3>\n\n\n\n<p>Wir behalten uns vor, diese Datenschutzerkl\u00e4rung anzupassen, um sie an ge\u00e4nderte rechtliche Anforderungen oder an neue Funktionen auf unserer Webseite anzupassen. Die jeweils aktuelle Version der Datenschutzerkl\u00e4rung finden Sie auf unserer Webseite.<\/p>\n\n\n\n<p>Bei Fragen oder Anregungen kontaktieren Sie uns bitte unter den angegebenen Kontaktdaten.<\/p>\n\n\n\n<p>Stand der Datenschutzerkl\u00e4rung: 12\/2024<\/p>\n\n\n\n<p><\/p>\n\n\n\n<p><\/p>\n\n\n\n<p><\/p>\n\n\n\n<p><\/p>\n","protected":false},"excerpt":{"rendered":"<p>Wir freuen uns \u00fcber Ihren Besuch auf unserer Webseite. Der Schutz Ihrer personenbezogenen Daten ist uns ein wichtiges Anliegen. Wir halten uns an die gesetzlichen Bestimmungen der EU-Datenschutz-Grundverordnung, des \u00f6sterreichischen Datenschutzgesetzes und der sonstigen&#46;&#46;&#46;<\/p>\n","protected":false},"author":3,"featured_media":0,"parent":0,"menu_order":0,"comment_status":"closed","ping_status":"closed","template":"","meta":{"footnotes":""},"class_list":["post-84","page","type-page","status-publish","hentry"],"_links":{"self":[{"href":"https:\/\/nowaste.at\/index.php?rest_route=\/wp\/v2\/pages\/84","targetHints":{"allow":["GET"]}}],"collection":[{"href":"https:\/\/nowaste.at\/index.php?rest_route=\/wp\/v2\/pages"}],"about":[{"href":"https:\/\/nowaste.at\/index.php?rest_route=\/wp\/v2\/types\/page"}],"author":[{"embeddable":true,"href":"https:\/\/nowaste.at\/index.php?rest_route=\/wp\/v2\/users\/3"}],"replies":[{"embeddable":true,"href":"https:\/\/nowaste.at\/index.php?rest_route=%2Fwp%2Fv2%2Fcomments&post=84"}],"version-history":[{"count":5,"href":"https:\/\/nowaste.at\/index.php?rest_route=\/wp\/v2\/pages\/84\/revisions"}],"predecessor-version":[{"id":258,"href":"https:\/\/nowaste.at\/index.php?rest_route=\/wp\/v2\/pages\/84\/revisions\/258"}],"wp:attachment":[{"href":"https:\/\/nowaste.at\/index.php?rest_route=%2Fwp%2Fv2%2Fmedia&parent=84"}],"curies":[{"name":"wp","href":"https:\/\/api.w.org\/{rel}","templated":true}]}}