{"id":87,"date":"2019-02-04T12:41:36","date_gmt":"2019-02-04T11:41:36","guid":{"rendered":"https:\/\/uebersicht.b-nk.at\/nowaste\/?page_id=87"},"modified":"2019-02-04T12:41:36","modified_gmt":"2019-02-04T11:41:36","slug":"kontakt","status":"publish","type":"page","link":"https:\/\/nowaste.at\/?page_id=87","title":{"rendered":"Kontakt"},"content":{"rendered":"\n<p>F\u00fcr Anfragen wenden Sie sich bitte an:<\/p>\n\n\n\n<p>Dipl.-Ing.in Birgit Hofleitner<br>\nProjektkoordinatorin<\/p>\n\n\n\n<p>B\u00fcro f\u00fcr nachhaltige Kompetenz,&nbsp;B-NK GmbH<\/p>\n\n\n\n<p>E-Mail <a href=\"mailto:hofleitner@b-nk.at\" target=\"_blank\" rel=\"noreferrer noopener\">hofleitner@b-nk.at<\/a><br>\nMobil +43 699 18245947<\/p>\n\n\n<p><!--EndFragment--><br>\n<br>\n<\/p>","protected":false},"excerpt":{"rendered":"<p>F\u00fcr Anfragen wenden Sie sich bitte an: Dipl.-Ing.in Birgit Hofleitner Projektkoordinatorin B\u00fcro f\u00fcr nachhaltige Kompetenz,&nbsp;B-NK GmbH E-Mail hofleitner@b-nk.at Mobil +43 699 18245947<\/p>\n","protected":false},"author":3,"featured_media":0,"parent":0,"menu_order":0,"comment_status":"closed","ping_status":"closed","template":"","meta":{"footnotes":""},"class_list":["post-87","page","type-page","status-publish","hentry"],"_links":{"self":[{"href":"https:\/\/nowaste.at\/index.php?rest_route=\/wp\/v2\/pages\/87","targetHints":{"allow":["GET"]}}],"collection":[{"href":"https:\/\/nowaste.at\/index.php?rest_route=\/wp\/v2\/pages"}],"about":[{"href":"https:\/\/nowaste.at\/index.php?rest_route=\/wp\/v2\/types\/page"}],"author":[{"embeddable":true,"href":"https:\/\/nowaste.at\/index.php?rest_route=\/wp\/v2\/users\/3"}],"replies":[{"embeddable":true,"href":"https:\/\/nowaste.at\/index.php?rest_route=%2Fwp%2Fv2%2Fcomments&post=87"}],"version-history":[{"count":1,"href":"https:\/\/nowaste.at\/index.php?rest_route=\/wp\/v2\/pages\/87\/revisions"}],"predecessor-version":[{"id":88,"href":"https:\/\/nowaste.at\/index.php?rest_route=\/wp\/v2\/pages\/87\/revisions\/88"}],"wp:attachment":[{"href":"https:\/\/nowaste.at\/index.php?rest_route=%2Fwp%2Fv2%2Fmedia&parent=87"}],"curies":[{"name":"wp","href":"https:\/\/api.w.org\/{rel}","templated":true}]}}