{"id":90,"date":"2019-02-04T12:43:19","date_gmt":"2019-02-04T11:43:19","guid":{"rendered":"https:\/\/uebersicht.b-nk.at\/nowaste\/?page_id=90"},"modified":"2019-02-26T15:13:09","modified_gmt":"2019-02-26T14:13:09","slug":"projektteam","status":"publish","type":"page","link":"https:\/\/nowaste.at\/?page_id=90","title":{"rendered":"Projektteam"},"content":{"rendered":"\n<p><strong><a rel=\"noreferrer noopener\" aria-label=\"B\u00fcro f\u00fcr nachhaltige Kompetenz B-NK GmbH (\u00f6ffnet in neuem Tab)\" href=\"http:\/\/www.b-nk.at\/\" target=\"_blank\">B\u00fcro f\u00fcr nachhaltige Kompetenz B-NK GmbH<\/a><\/strong><br> Das B\u00fcro ist spezialisiert darauf, in den scheinbar \u201egeschlechtsneutralen\u201c Bereichen wie Stadt-, Landschaftsund<br> Verkehrsplanung, Mobilit\u00e4tsforschung, Technik- und Ingenieurwissenschaften, Umwelt- und Nachhaltigkeitsforschung<br> \u2013 aber auch in Planungs- und Kommunikationsprozessen sowie in technologieorientierten<br> Forschungs- und Entwicklungsprojekten generell \u2013 die Relevanz von Gender und Diversity aufzuzeigen und<br> gemeinsam mit den handelnden Personen Strategien zu entwickeln, Genderperspektiven auch in diese Felder<br> einzubringen. Neben zahlreichen Forschungsprojekten arbeiten das Team von B-NK in verschiedenen<br> Projekten mit Bildungseinrichtungen. Es werden f\u00fcr unterschiedliche Altersstufen die Themen Forschung,<br> Begr\u00fcnung, Nachhaltigkeit, Ressourcen und Gender aufbereitet und gemeinsam interaktiv bearbeitet. F\u00fcr<br> Lehrkr\u00e4fte erstellt das B\u00fcro f\u00fcr nachhaltige Kompetenz praxisnahe Unterrichtsmaterialien. <\/p>\n\n\n\n<p><a rel=\"noreferrer noopener\" aria-label=\"Mehr auf https:\/\/ www.b-nk.at (\u00f6ffnet in neuem Tab)\" href=\"http:\/\/www.b-nk.at\/\" target=\"_blank\">Mehr auf https:\/\/ www.b-nk.at<\/a> und <a href=\"https:\/\/www.bodenwissen.at\">https:\/\/www.bodenwissen.at<\/a>.<br> E-Mail<a href=\"office@b-nk.at\">&nbsp;office@b-nk.at<\/a><\/p>\n\n\n\n<p> <strong>Dipl.-Ing.in Dr.in Bente Knoll<\/strong>, Gesch\u00e4ftsf\u00fchrerin im B\u00fcro f\u00fcr nachhaltige Kompetenz B-NK GmbH, ist Landschafts-<br> und Verkehrsplanerin, Gender- und Diversity-Expertin. Neben ihrer selbstst\u00e4ndigen T\u00e4tigkeit ist sie<br> auch als Universit\u00e4tslektorin an der Technischen Universit\u00e4t Wien und Universit\u00e4t Graz t\u00e4tig.<br> <strong>Dipl.-Ing.in Birgit Hofleitner<\/strong>, Landschaftsplanerin und Kindergartenp\u00e4dagogin, Projektkoordinatorin und Researcher<br> im B\u00fcro f\u00fcr nachhaltige Kompetenz B-NK GmbH, Universit\u00e4tslektorin an der Universit\u00e4t Graz.<br> <strong>Dipl.-Ing.in Agnes Renkin<\/strong>, Landschaftsplanerin, Projektkoordinatorin und Junior Researcher im B\u00fcro f\u00fcr<br> nachhaltige Kompetenz B-NK GmbH.<br> <strong>Dipl.-Ing.in Susanne Rachbauer<\/strong> studierte Landschaftsplanung und -architektur und war Dezember 2017 bis<br> Mai 2018 studentische Praktikantin im B\u00fcro f\u00fcr nachhaltige Kompetenz B-NK GmbH.<br> <strong>Tatjana Fischer, BSc<\/strong> absolvierte w\u00e4hrend ihres Studiums der Landschaftsplanung und -architektur von Juni<br> 2018 bis November 2018 ein Praktikum im B\u00fcro f\u00fcr nachhaltige Komptenz B-NK GmbH.<br> <\/p>\n\n\n\n<p><strong><a rel=\"noreferrer noopener\" aria-label=\"Fairanstaltung \u2013 die nachhaltige Eventagentur (\u00f6ffnet in neuem Tab)\" href=\"https:\/\/www.fairanstaltung.at\/\" target=\"_blank\">Fairanstaltung \u2013 die nachhaltige Eventagentur<\/a><\/strong><br> Die Leistungsschwerpunkte von Fairanstaltung liegen in der Umsetzung und Beratung von Umweltschutzprojekten<br> und in der Planung und Beratung von nachhaltigen Veranstaltungen. So k\u00f6nnen durch Aufzeigen<br> und Umsetzen von Einsparungspotenzialen Kosten gesenkt und gleichzeitig ein wesentlicher Betrag zum<br> Umweltschutz geleistet werden. Ein weiterer thematischer Schwerpunkt ist die Durchf\u00fchrung von Umweltbildungsprojekten,<br> die Erstellung von Unterrichtsmaterialien und Unterrichtsvorbereitung f\u00fcr den schulischen<br> Bereich sowie die Durchf\u00fchrung von Schulungen und Trainings im Bereich der Erwachsenenbildung. Zahlreiche<br> Projekte werden in Kooperation mit verschiedenen ProjektpartnerInnen abgewickelt.<strong><br> Dipl.-Ing.in Ursula M\u00fcllner<\/strong>, BEd besitzt eine \u00fcber 15-j\u00e4hrige Berufserfahrung in der Umsetzung, Leitung und<br> Abwicklung von Projekten mit verschiedenen thematischen Inhalten wie z. B. Umweltbildung oder Umweltmanagement.<br> Des Weiteren \u00fcbt sie eine Lehrt\u00e4tigkeit aus und verf\u00fcgt \u00fcber das Lehramt f\u00fcr land- und forstwirtschaftliche<br> Schulen sowie Berufsschulen.<br> E-Mail: office@fairanstaltung.at<\/p>\n\n\n\n<p><strong><a rel=\"noreferrer noopener\" aria-label=\"B\u00fcro f\u00fcr Umweltfragen (\u00f6ffnet in neuem Tab)\" href=\"http:\/\/www.umweltfragen.at\/\" target=\"_blank\">B\u00fcro f\u00fcr Umweltfragen<\/a><\/strong><br> Das B\u00fcro f\u00fcr Umweltfragen ist ein Ingenieurb\u00fcro von<strong> Erwin Bernsteine<\/strong>r und als Dienstleistungsunternehmen<br> seit 20 Jahren im Umweltbereich aktiv. Die Verbindung von Umwelt und Wirtschaft war und ist die spannende<br> Herausforderung in der Zusammenarbeit mit unseren Kunden. Als kleines Team sind wir sehr flexibel, haben<br> kurze Reaktionszeiten auf Kundenw\u00fcnsche und sind auch f\u00fcr Fragen, die nicht direkt unsere Kernkompetenzen<br> betreffen, offen. Oft gelingt es, die richtigen Menschen zusammen zu bringen. Neben der sehr vielf\u00e4ltigen,<br> interessanten Arbeit mit unseren Kunden ist uns Lebensqualit\u00e4t und Nachhaltigkeit im eigenen Lebensbereich<br> ein elementares Anliegen. Auf die Bed\u00fcrfnisse von Mitarbeitern wird in gro\u00dfem Ma\u00dfe R\u00fccksicht genommen.<br> Qualit\u00e4t durch Weiterentwicklung \u2013 das ist f\u00fcr uns der richtige Weg, deshalb werden regelm\u00e4\u00dfig Weiterbildungsangebote<br> genutzt und die daf\u00fcr notwendige Zeit betrieblich zur Verf\u00fcgung gestellt.<br> Projektpartnern und Kunden begegnen wir respektvoll, zuverl\u00e4ssig, mit Offenheit: Kreativit\u00e4t und innovative<br> Schritte sollen nicht zu kurz kommen.<br> Ing. Erwin Bernsteiner, seit 1998 selbst\u00e4ndiger Berater (Ingenieurb\u00fcro f\u00fcr Umweltfragen), Spezialgebiete<br> wie Abfallwirtschaft,\u00d6sterreichisches Umweltzeichen f\u00fcr Schulen, Bildungseinrichtungen, Tourismus, Green<br> Meetings &amp; Green Events bilden das Arbeitsumfeld<br> E-Mail: erwin.bernsteiner@umweltfragen.at<br> <\/p>\n","protected":false},"excerpt":{"rendered":"<p>B\u00fcro f\u00fcr nachhaltige Kompetenz B-NK GmbH Das B\u00fcro ist spezialisiert darauf, in den scheinbar \u201egeschlechtsneutralen\u201c Bereichen wie Stadt-, Landschaftsund Verkehrsplanung, Mobilit\u00e4tsforschung, Technik- und Ingenieurwissenschaften, Umwelt- und Nachhaltigkeitsforschung \u2013 aber auch in Planungs- und Kommunikationsprozessen&#46;&#46;&#46;<\/p>\n","protected":false},"author":3,"featured_media":0,"parent":0,"menu_order":0,"comment_status":"closed","ping_status":"closed","template":"","meta":{"footnotes":""},"class_list":["post-90","page","type-page","status-publish","hentry"],"_links":{"self":[{"href":"https:\/\/nowaste.at\/index.php?rest_route=\/wp\/v2\/pages\/90","targetHints":{"allow":["GET"]}}],"collection":[{"href":"https:\/\/nowaste.at\/index.php?rest_route=\/wp\/v2\/pages"}],"about":[{"href":"https:\/\/nowaste.at\/index.php?rest_route=\/wp\/v2\/types\/page"}],"author":[{"embeddable":true,"href":"https:\/\/nowaste.at\/index.php?rest_route=\/wp\/v2\/users\/3"}],"replies":[{"embeddable":true,"href":"https:\/\/nowaste.at\/index.php?rest_route=%2Fwp%2Fv2%2Fcomments&post=90"}],"version-history":[{"count":7,"href":"https:\/\/nowaste.at\/index.php?rest_route=\/wp\/v2\/pages\/90\/revisions"}],"predecessor-version":[{"id":185,"href":"https:\/\/nowaste.at\/index.php?rest_route=\/wp\/v2\/pages\/90\/revisions\/185"}],"wp:attachment":[{"href":"https:\/\/nowaste.at\/index.php?rest_route=%2Fwp%2Fv2%2Fmedia&parent=90"}],"curies":[{"name":"wp","href":"https:\/\/api.w.org\/{rel}","templated":true}]}}